{"id":280,"date":"2021-12-04T12:09:39","date_gmt":"2021-12-04T12:09:39","guid":{"rendered":"https:\/\/fusspflege-kosmetik-nuernberg.de\/?page_id=280"},"modified":"2021-12-04T12:09:39","modified_gmt":"2021-12-04T12:09:39","slug":"waxing-3","status":"publish","type":"page","link":"https:\/\/fusspflege-kosmetik-nuernberg.de\/?page_id=280","title":{"rendered":"Waxing"},"content":{"rendered":"\n<p><\/p>\n\n\n\n<h2 class=\"wp-block-heading\">Waxing<\/h2>\n\n\n\n<p>Das\u00a0Waxing\u00a0ist eine Form der Depilation und geh\u00f6rt bereits f\u00fcr viele Frauen und M\u00e4nner zum festen Beauty \u2013 Programm. Wer sch\u00f6ne glatte Beine haben m\u00f6chte, muss diese mindestens alle zwei Tage rasieren, da bei der Rasur nur die Haare \u00fcber der Hautoberfl\u00e4che entfernt werden. Eine l\u00e4nger anhaltende Methode, aber leider auch etwas schmerzhafter, ist das Waxing. Im Gegensatz zur Rasur werden die Haare beim Waxing\u00a0samt der Haarwurzel entfernt.<\/p>\n","protected":false},"excerpt":{"rendered":"<p>Waxing Das\u00a0Waxing\u00a0ist eine Form der Depilation und geh\u00f6rt bereits f\u00fcr viele Frauen und M\u00e4nner zum festen Beauty \u2013 Programm. Wer sch\u00f6ne glatte Beine haben m\u00f6chte, muss diese mindestens alle zwei &hellip; <\/p>\n","protected":false},"author":1,"featured_media":49,"parent":0,"menu_order":0,"comment_status":"closed","ping_status":"closed","template":"","meta":{"footnotes":""},"class_list":["post-280","page","type-page","status-publish","has-post-thumbnail","hentry"],"_links":{"self":[{"href":"https:\/\/fusspflege-kosmetik-nuernberg.de\/index.php?rest_route=\/wp\/v2\/pages\/280","targetHints":{"allow":["GET"]}}],"collection":[{"href":"https:\/\/fusspflege-kosmetik-nuernberg.de\/index.php?rest_route=\/wp\/v2\/pages"}],"about":[{"href":"https:\/\/fusspflege-kosmetik-nuernberg.de\/index.php?rest_route=\/wp\/v2\/types\/page"}],"author":[{"embeddable":true,"href":"https:\/\/fusspflege-kosmetik-nuernberg.de\/index.php?rest_route=\/wp\/v2\/users\/1"}],"replies":[{"embeddable":true,"href":"https:\/\/fusspflege-kosmetik-nuernberg.de\/index.php?rest_route=%2Fwp%2Fv2%2Fcomments&post=280"}],"version-history":[{"count":1,"href":"https:\/\/fusspflege-kosmetik-nuernberg.de\/index.php?rest_route=\/wp\/v2\/pages\/280\/revisions"}],"predecessor-version":[{"id":281,"href":"https:\/\/fusspflege-kosmetik-nuernberg.de\/index.php?rest_route=\/wp\/v2\/pages\/280\/revisions\/281"}],"wp:featuredmedia":[{"embeddable":true,"href":"https:\/\/fusspflege-kosmetik-nuernberg.de\/index.php?rest_route=\/wp\/v2\/media\/49"}],"wp:attachment":[{"href":"https:\/\/fusspflege-kosmetik-nuernberg.de\/index.php?rest_route=%2Fwp%2Fv2%2Fmedia&parent=280"}],"curies":[{"name":"wp","href":"https:\/\/api.w.org\/{rel}","templated":true}]}}