{"id":158,"date":"2021-11-28T19:22:24","date_gmt":"2021-11-28T19:22:24","guid":{"rendered":"https:\/\/fusspflege-kosmetik-nuernberg.de\/?page_id=158"},"modified":"2021-12-04T11:56:04","modified_gmt":"2021-12-04T11:56:04","slug":"kosmetikbehandlungen","status":"publish","type":"page","link":"https:\/\/fusspflege-kosmetik-nuernberg.de\/?page_id=158","title":{"rendered":"Kosmetikbehandlungen"},"content":{"rendered":"\n<figure class=\"wp-block-image size-full\"><img fetchpriority=\"high\" decoding=\"async\" width=\"1000\" height=\"667\" src=\"https:\/\/fusspflege-kosmetik-nuernberg.de\/wp-content\/uploads\/2021\/11\/kosmetikbehandlung-1.jpg\" alt=\"\" class=\"wp-image-159\" srcset=\"https:\/\/fusspflege-kosmetik-nuernberg.de\/wp-content\/uploads\/2021\/11\/kosmetikbehandlung-1.jpg 1000w, https:\/\/fusspflege-kosmetik-nuernberg.de\/wp-content\/uploads\/2021\/11\/kosmetikbehandlung-1-300x200.jpg 300w, https:\/\/fusspflege-kosmetik-nuernberg.de\/wp-content\/uploads\/2021\/11\/kosmetikbehandlung-1-768x512.jpg 768w, https:\/\/fusspflege-kosmetik-nuernberg.de\/wp-content\/uploads\/2021\/11\/kosmetikbehandlung-1-90x60.jpg 90w, https:\/\/fusspflege-kosmetik-nuernberg.de\/wp-content\/uploads\/2021\/11\/kosmetikbehandlung-1-370x247.jpg 370w, https:\/\/fusspflege-kosmetik-nuernberg.de\/wp-content\/uploads\/2021\/11\/kosmetikbehandlung-1-776x517.jpg 776w\" sizes=\"(max-width: 1000px) 100vw, 1000px\" \/><\/figure>\n\n\n\n<h2 class=\"wp-block-heading\">Kosmetikbehandlungen<\/h2>\n\n\n\n<h3 class=\"wp-block-heading\">Basis Behandlung<\/h3>\n\n\n\n<p><strong>Nat\u00fcrliche Pflege f\u00fcr junge Haut<\/strong><\/p>\n\n\n\n<ul class=\"wp-block-list\"><li>Abreinigen (sensibel Reinigungsmilch)<\/li><li>Hautdiagnose beim ersten Termin<\/li><li>Soft Peeling<\/li><li>Packung Cryo Moist (Unreinheit) <\/li><li>oder Hyaluronic Factor (Feuchtigkeistbooster)<\/li><li>Gesichtsmassage<\/li><li>Abschlusspflege (Aqua Silk 24)<\/li><\/ul>\n\n\n\n<p>Zeit: 60 bis 75 Minuten<\/p>\n\n\n\n<div style=\"height:32px\" aria-hidden=\"true\" class=\"wp-block-spacer\"><\/div>\n\n\n\n<h3 class=\"wp-block-heading\">Forever Young<\/h3>\n\n\n\n<p><strong>F\u00fcr Feuchtigkeitsarme Haut<\/strong><\/p>\n\n\n\n<ul class=\"wp-block-list\"><li>Abreinigen (Bio classica Reinigungsmilch)<\/li><li>Hautdiagnose beim ersten Termin<\/li><li>Micro-Dermabrasion Peeling<\/li><li>Ausreinigen<\/li><li>Collagen Vlies mit Vitamin C, Caviar oder Aloe Vera<\/li><li>Gesichtsmassage<\/li><li>Abschlusspflege (Day and night cream)<\/li><\/ul>\n\n\n\n<p>Zeit: 60 bis 75 Minuten<\/p>\n\n\n\n<div style=\"height:32px\" aria-hidden=\"true\" class=\"wp-block-spacer\"><\/div>\n\n\n\n<h3 class=\"wp-block-heading\">Clarity<\/h3>\n\n\n\n<p><strong>beanspruchte unreine Haut<\/strong><\/p>\n\n\n\n<ul class=\"wp-block-list\"><li>Abreinigen (sensibel Reinigungsgel)<\/li><li>Hautdiagnose beim ersten Termin<\/li><li>Enzympeeling<\/li><li>Ausreinigen<\/li><li>Spezialbehandlung (Alginat Cryogenic Peel \u2013 Off Mask)<\/li><li>Abschlusspflege (Line A Cream)<\/li><\/ul>\n\n\n\n<p>Zeit: 60 bis 75 Minuten<\/p>\n\n\n\n<div style=\"height:32px\" aria-hidden=\"true\" class=\"wp-block-spacer\"><\/div>\n\n\n\n<h3 class=\"wp-block-heading\">Sensitiv<\/h3>\n\n\n\n<p><strong>\u00fcberempfindliche Haut<\/strong><\/p>\n\n\n\n<ul class=\"wp-block-list\"><li>Abreinigen (sensibel Reinigungsgel)<\/li><li>Hautdiagnose beim ersten Termin<\/li><li>Enzympeeling<\/li><li>Ausreinigen<\/li><li>Beruhigungspackung (Couperosis)<\/li><li>Gesichtsmassage<\/li><li>Abschlusspflege (Delikate Day)<\/li><\/ul>\n\n\n\n<p>Zeit: 60 bis 75 Minuten<\/p>\n\n\n\n<div style=\"height:32px\" aria-hidden=\"true\" class=\"wp-block-spacer\"><\/div>\n\n\n\n<h3 class=\"wp-block-heading\">Anti Age<\/h3>\n\n\n\n<ul class=\"wp-block-list\"><li>Abreinigen (Bio classica Reinigungsmilch)<\/li><li>Hautdiagnose beim ersten Termin<\/li><li>Micro-Dermabrasion Peeling<\/li><li>Ausreinigen<\/li><li>Aufbau Packung (Phyto-sensation)<\/li><li>Gesichtsmassage<\/li><li>Abschlusspflege (Dermo ultima lift cream)<\/li><\/ul>\n\n\n\n<p>Zeit: 60 bis 75 Minuten<\/p>\n\n\n\n<div style=\"height:32px\" aria-hidden=\"true\" class=\"wp-block-spacer\"><\/div>\n\n\n\n<h3 class=\"wp-block-heading\">Diamant Mikrodermabrasion<\/h3>\n\n\n\n<p>Mit der Diamant Mikrodermabrasion wird eine sanfte und schmerzfreie Abtragung der oberen Hautschichten vorgenommen. In einem regelm\u00e4\u00dfigen Zyklus erneuern sich die Hautzellen. Diese F\u00e4higkeit l\u00e4sst mit zunehmendem Alter nach, die Folge ist eine Verschlechterung des Hautbildes durch die fehlende Neubildung von Zellen. Die abgestorbenen Hautsch\u00fcppchen m\u00fcssen abgetragen werden, um eine Verbesserung des Hautbildes zu erzielen. Die nat\u00fcrliche Hautregeneration wird durch diese angeregt und das Hautbild wird sichtbar verbessert. Diamant Mikrodermabrasion nur in Kombination einer Kosmetikbehandlung buchbar. <\/p>\n\n\n\n<ul class=\"wp-block-list\"><li>sofort sichtbare Ergebnis<\/li><li>Verj\u00fcngung des Hautbildes<\/li><li>Reduzierung von Falten und Pigmentst\u00f6rungen<\/li><li>ebenm\u00e4\u00dfiger und strahlender Tein<\/li><\/ul>\n\n\n\n<div style=\"height:20px\" aria-hidden=\"true\" class=\"wp-block-spacer\"><\/div>\n\n\n\n<p>Je nach Hauttypen wird ein Fruchts\u00e4ure Peeling nach der Mikrodermabrasion angewendet. Zum Abschluss der gesamten Behandlung, werden Produkte eingeschleust. Die Behandlung empfehlen wir in einem Abstand von 3-4 Wochen. Nach einer Behandlung sollte direkte Sonne vermieden bzw. ein Sonnenschutz mit Lichtschutzfaktor 50 verwendet werden<\/p>\n\n\n\n<p><\/p>\n","protected":false},"excerpt":{"rendered":"<p>Kosmetikbehandlungen Basis Behandlung Nat\u00fcrliche Pflege f\u00fcr junge Haut Abreinigen (sensibel Reinigungsmilch) Hautdiagnose beim ersten Termin Soft Peeling Packung Cryo Moist (Unreinheit) oder Hyaluronic Factor (Feuchtigkeistbooster) Gesichtsmassage Abschlusspflege (Aqua Silk 24) &hellip; <\/p>\n","protected":false},"author":1,"featured_media":49,"parent":0,"menu_order":0,"comment_status":"closed","ping_status":"closed","template":"","meta":{"footnotes":""},"class_list":["post-158","page","type-page","status-publish","has-post-thumbnail","hentry"],"_links":{"self":[{"href":"https:\/\/fusspflege-kosmetik-nuernberg.de\/index.php?rest_route=\/wp\/v2\/pages\/158","targetHints":{"allow":["GET"]}}],"collection":[{"href":"https:\/\/fusspflege-kosmetik-nuernberg.de\/index.php?rest_route=\/wp\/v2\/pages"}],"about":[{"href":"https:\/\/fusspflege-kosmetik-nuernberg.de\/index.php?rest_route=\/wp\/v2\/types\/page"}],"author":[{"embeddable":true,"href":"https:\/\/fusspflege-kosmetik-nuernberg.de\/index.php?rest_route=\/wp\/v2\/users\/1"}],"replies":[{"embeddable":true,"href":"https:\/\/fusspflege-kosmetik-nuernberg.de\/index.php?rest_route=%2Fwp%2Fv2%2Fcomments&post=158"}],"version-history":[{"count":14,"href":"https:\/\/fusspflege-kosmetik-nuernberg.de\/index.php?rest_route=\/wp\/v2\/pages\/158\/revisions"}],"predecessor-version":[{"id":269,"href":"https:\/\/fusspflege-kosmetik-nuernberg.de\/index.php?rest_route=\/wp\/v2\/pages\/158\/revisions\/269"}],"wp:featuredmedia":[{"embeddable":true,"href":"https:\/\/fusspflege-kosmetik-nuernberg.de\/index.php?rest_route=\/wp\/v2\/media\/49"}],"wp:attachment":[{"href":"https:\/\/fusspflege-kosmetik-nuernberg.de\/index.php?rest_route=%2Fwp%2Fv2%2Fmedia&parent=158"}],"curies":[{"name":"wp","href":"https:\/\/api.w.org\/{rel}","templated":true}]}}